{"id":212,"date":"2026-03-12T11:05:34","date_gmt":"2026-03-12T10:05:34","guid":{"rendered":"https:\/\/giraffenbaeren.de\/index.php\/gremien-elternarbeit\/"},"modified":"2026-03-14T21:16:55","modified_gmt":"2026-03-14T20:16:55","slug":"gremien-elternarbeit","status":"publish","type":"page","link":"https:\/\/giraffenbaeren.de\/index.php\/wir-ueber-uns\/gremien-elternarbeit\/","title":{"rendered":"Gremien &#038; Elternarbeit"},"content":{"rendered":"\n<div class=\"wp-block-group alignfull is-layout-flow wp-block-group-is-layout-flow\" style=\"margin-top:0;margin-bottom:0;padding-top:var(--wp--preset--spacing--40);padding-right:var(--wp--preset--spacing--50);padding-bottom:var(--wp--preset--spacing--40);padding-left:var(--wp--preset--spacing--50)\">\n<div class=\"wp-block-columns is-layout-flex wp-container-core-columns-is-layout-28f84493 wp-block-columns-is-layout-flex\">\n<div class=\"wp-block-column is-layout-flow wp-block-column-is-layout-flow\" style=\"flex-basis:100%\">\n<div class=\"wp-block-group is-layout-flow wp-block-group-is-layout-flow\">\n<div class=\"wp-block-columns is-layout-flex wp-container-core-columns-is-layout-28f84493 wp-block-columns-is-layout-flex\">\n<div class=\"wp-block-column has-global-padding is-layout-constrained wp-block-column-is-layout-constrained\">\n<div class=\"wp-block-columns is-layout-flex wp-container-core-columns-is-layout-28f84493 wp-block-columns-is-layout-flex\">\n<div class=\"wp-block-column has-global-padding is-layout-constrained wp-block-column-is-layout-constrained\">\n<h2 class=\"wp-block-heading\">Die Gremien einer Elterninitiative<\/h2>\n\n\n\n<p>Das Kibiz (Kinderbildungsgesetz) beschreibt die Bildung der einzelnen Gremien und deren Aufgaben. Jedes Gremium entwickelt zus\u00e4tzlich seine eigenen Aufgabenfelder und legt diese in Schriftform nieder. Die Belange des gemeinn\u00fctzigen Vereins \u201eintegrative Kita Giraffenb\u00e4ren e.V.\u201c sind in der Satzung festgeschrieben.<\/p>\n\n\n\n<figure class=\"wp-block-image size-full\" style=\"margin-top:var(--wp--preset--spacing--30);margin-bottom:var(--wp--preset--spacing--30)\"><img loading=\"lazy\" decoding=\"async\" width=\"943\" height=\"476\" src=\"https:\/\/giraffenbaeren.de\/wp-content\/uploads\/2026\/03\/Gremienstruktur.png\" alt=\"\" class=\"wp-image-384\" srcset=\"https:\/\/giraffenbaeren.de\/wp-content\/uploads\/2026\/03\/Gremienstruktur.png 943w, https:\/\/giraffenbaeren.de\/wp-content\/uploads\/2026\/03\/Gremienstruktur-300x151.png 300w, https:\/\/giraffenbaeren.de\/wp-content\/uploads\/2026\/03\/Gremienstruktur-768x388.png 768w\" sizes=\"auto, (max-width: 943px) 100vw, 943px\" \/><\/figure>\n<\/div>\n<\/div>\n<\/div>\n<\/div>\n<\/div>\n<\/div>\n<\/div>\n<\/div>\n\n\n\n<div class=\"wp-block-group alignfull is-layout-flow wp-block-group-is-layout-flow\" style=\"margin-top:0;margin-bottom:0;padding-top:0;padding-right:var(--wp--preset--spacing--50);padding-bottom:0;padding-left:var(--wp--preset--spacing--50)\">\n<div class=\"wp-block-columns is-layout-flex wp-container-core-columns-is-layout-28f84493 wp-block-columns-is-layout-flex\">\n<div class=\"wp-block-column is-layout-flow wp-block-column-is-layout-flow\" style=\"flex-basis:100%\">\n<div class=\"wp-block-group is-layout-flow wp-block-group-is-layout-flow\">\n<div class=\"wp-block-columns is-layout-flex wp-container-core-columns-is-layout-28f84493 wp-block-columns-is-layout-flex\">\n<div class=\"wp-block-column has-global-padding is-layout-constrained wp-block-column-is-layout-constrained\">\n<div class=\"wp-block-columns is-layout-flex wp-container-core-columns-is-layout-28f84493 wp-block-columns-is-layout-flex\">\n<div class=\"wp-block-column has-global-padding is-layout-constrained wp-block-column-is-layout-constrained\">\n<h2 class=\"wp-block-heading\">Tr\u00e4ger<\/h2>\n\n\n\n<p>Der Tr\u00e4ger ist ein gemeinn\u00fctziger Verein. Alle Eltern werden mit der Aufnahme ihres Kindes Mitglied in diesem Verein (Elternverein). In der Mitgliederversammlung wird der Vorstand gew\u00e4hlt, der den Verein rechtlich vertritt. Dieser trifft sich mit der Leiterin zu regelm\u00e4\u00dfigen Sitzungen. Er beruft zwei Mal im Jahr eine Mitgliederversammlung ein.<br><br>Seine Aufgaben sind u.a.<\/p>\n\n\n\n<ul class=\"wp-block-list\">\n<li>Vereinsf\u00fchrung<\/li>\n\n\n\n<li>Personalf\u00fchrung<\/li>\n\n\n\n<li>Finanzen<\/li>\n\n\n\n<li>Reparatur- und Instandhaltung<\/li>\n\n\n\n<li>Schriftf\u00fchrung \u00fcber alle Sitzungen<\/li>\n<\/ul>\n<\/div>\n<\/div>\n<\/div>\n\n\n\n<div class=\"wp-block-column has-global-padding is-layout-constrained wp-block-column-is-layout-constrained\">\n<div class=\"wp-block-columns is-layout-flex wp-container-core-columns-is-layout-28f84493 wp-block-columns-is-layout-flex\">\n<div class=\"wp-block-column has-global-padding is-layout-constrained wp-block-column-is-layout-constrained\">\n<h2 class=\"wp-block-heading\">Elternbeirat<\/h2>\n\n\n\n<p>Die Elternversammlung w\u00e4hlt den Elternbeirat f\u00fcr ein Kindergartenjahr. Dieser trifft sich alle 4 \u2013 6 Wochen mit der Leiterin zur Besprechung.<br><br>Die Hauptaufgaben bestehen in<\/p>\n\n\n\n<ul class=\"wp-block-list\">\n<li>Zusammenarbeit bei allen Belangen des Kita-Alltags<\/li>\n\n\n\n<li>Kontakt zur Elternschaft, Vertretung der Eltern und Verbindung zu Eltern \/ Team<\/li>\n\n\n\n<li>\u00d6ffentlichkeitsarbeit<\/li>\n\n\n\n<li>Beteiligung in der Gremienarbeit und bei Elternversammlungen<\/li>\n<\/ul>\n<\/div>\n<\/div>\n<\/div>\n\n\n\n<div class=\"wp-block-column has-global-padding is-layout-constrained wp-block-column-is-layout-constrained\">\n<div class=\"wp-block-columns is-layout-flex wp-container-core-columns-is-layout-28f84493 wp-block-columns-is-layout-flex\">\n<div class=\"wp-block-column has-global-padding is-layout-constrained wp-block-column-is-layout-constrained\">\n<h2 class=\"wp-block-heading\">Rat der Kita<\/h2>\n\n\n\n<p>Das Kibiz sieht vor, dass sich Vorstand \/ Elternbeirat und Team drei Mal im Kindergartenjahr f\u00fcr die Belange der Kita treffen. Themen werden er\u00f6rtert und Entscheidungen getroffen. Ebenso wird f\u00fcr deren Umsetzung gesorgt.<\/p>\n<\/div>\n<\/div>\n<\/div>\n<\/div>\n<\/div>\n<\/div>\n<\/div>\n<\/div>\n\n\n\n<p>   <br> <\/p>\n","protected":false},"excerpt":{"rendered":"<p>Die Gremien einer Elterninitiative Das Kibiz (Kinderbildungsgesetz) beschreibt die Bildung der einzelnen Gremien und deren Aufgaben. Jedes Gremium entwickelt zus\u00e4tzlich seine eigenen Aufgabenfelder und legt diese in Schriftform nieder. Die Belange des gemeinn\u00fctzigen Vereins \u201eintegrative Kita Giraffenb\u00e4ren e.V.\u201c sind in der Satzung festgeschrieben. Tr\u00e4ger Der Tr\u00e4ger ist ein gemeinn\u00fctziger Verein. Alle Eltern werden mit der [&hellip;]<\/p>\n","protected":false},"author":1,"featured_media":0,"parent":208,"menu_order":0,"comment_status":"closed","ping_status":"closed","template":"","meta":{"footnotes":""},"class_list":["post-212","page","type-page","status-publish","hentry"],"_links":{"self":[{"href":"https:\/\/giraffenbaeren.de\/index.php\/wp-json\/wp\/v2\/pages\/212","targetHints":{"allow":["GET"]}}],"collection":[{"href":"https:\/\/giraffenbaeren.de\/index.php\/wp-json\/wp\/v2\/pages"}],"about":[{"href":"https:\/\/giraffenbaeren.de\/index.php\/wp-json\/wp\/v2\/types\/page"}],"author":[{"embeddable":true,"href":"https:\/\/giraffenbaeren.de\/index.php\/wp-json\/wp\/v2\/users\/1"}],"replies":[{"embeddable":true,"href":"https:\/\/giraffenbaeren.de\/index.php\/wp-json\/wp\/v2\/comments?post=212"}],"version-history":[{"count":8,"href":"https:\/\/giraffenbaeren.de\/index.php\/wp-json\/wp\/v2\/pages\/212\/revisions"}],"predecessor-version":[{"id":391,"href":"https:\/\/giraffenbaeren.de\/index.php\/wp-json\/wp\/v2\/pages\/212\/revisions\/391"}],"up":[{"embeddable":true,"href":"https:\/\/giraffenbaeren.de\/index.php\/wp-json\/wp\/v2\/pages\/208"}],"wp:attachment":[{"href":"https:\/\/giraffenbaeren.de\/index.php\/wp-json\/wp\/v2\/media?parent=212"}],"curies":[{"name":"wp","href":"https:\/\/api.w.org\/{rel}","templated":true}]}}