{"id":215,"date":"2026-03-12T11:07:59","date_gmt":"2026-03-12T10:07:59","guid":{"rendered":"https:\/\/giraffenbaeren.de\/?page_id=215"},"modified":"2026-03-16T11:44:03","modified_gmt":"2026-03-16T10:44:03","slug":"galerie","status":"publish","type":"page","link":"https:\/\/giraffenbaeren.de\/index.php\/galerie\/","title":{"rendered":"Galerie"},"content":{"rendered":"\n<div class=\"wp-block-group alignfull has-global-padding is-layout-constrained wp-container-core-group-is-layout-2863a3f5 wp-block-group-is-layout-constrained\" style=\"margin-top:0;margin-bottom:0;padding-top:var(--wp--preset--spacing--20);padding-right:var(--wp--preset--spacing--50);padding-bottom:var(--wp--preset--spacing--20);padding-left:var(--wp--preset--spacing--50)\">\n<h2 class=\"wp-block-heading\">Viel Platz f\u00fcr Ideen<\/h2>\n\n\n\n<p>Wir wissen, wie wichtig&nbsp;Bewegung f\u00fcr Kinder&nbsp;ist und haben unsere Innen- und Au\u00dfenr\u00e4ume entsprechend gestaltet.<br>Unsere integrative Kindertagesst\u00e4tte bietet den Kindern&nbsp;jede Menge&nbsp;frei verf\u00fcgbare Bewegungsfl\u00e4che.<\/p>\n\n\n\n<p>Unter anderem finden Sie bei den Giraffenb\u00e4ren:<\/p>\n\n\n\n<ul class=\"wp-block-list\">\n<li>Zwei Gruppenr\u00e4ume mit Nebenraum f\u00fcr das freie Spiel<\/li>\n\n\n\n<li>Ein Kinderatelier, das t\u00e4glich f\u00fcr viel Werken und Kreativit\u00e4t genutzt wird<\/li>\n\n\n\n<li>Ein ger\u00e4umiger <strong>Turnraum <\/strong>zum t\u00e4glichen Toben, Klettern, Springen und Turnen<\/li>\n\n\n\n<li>Eine <strong>K\u00fcche<\/strong>, in der die K\u00f6chin, aber auch die Kinder brutzeln und backen k\u00f6nnen<\/li>\n\n\n\n<li>Ein gro\u00dfer <strong>Naturspielgarten<\/strong>, der zu jeder Tages- und Jahreszeit bespielt wird<\/li>\n\n\n\n<li><strong>Fische<\/strong>, die mit Hilfe der Kinder versorgt und geh\u00fctet werden<\/li>\n\n\n\n<li>W\u00f6chentliche Bildungsangebote<\/li>\n\n\n\n<li>Einen w\u00f6chentlichen <strong>Waldtag<\/strong><\/li>\n<\/ul>\n\n\n\n<p>Werfen Sie doch mal einen Blick in unsere Galerie:<\/p>\n<\/div>\n\n\n\n<div class=\"wp-block-group alignfull is-layout-flow wp-block-group-is-layout-flow\" style=\"margin-top:0;margin-bottom:0;padding-top:var(--wp--preset--spacing--10);padding-right:var(--wp--preset--spacing--50);padding-bottom:var(--wp--preset--spacing--10);padding-left:var(--wp--preset--spacing--50)\">\n<div class=\"wp-block-group is-layout-flow wp-block-group-is-layout-flow\">\n<div class=\"wp-block-columns is-layout-flex wp-container-core-columns-is-layout-ee4fd041 wp-block-columns-is-layout-flex\" style=\"margin-bottom:var(--wp--preset--spacing--50);padding-top:var(--wp--preset--spacing--30);padding-bottom:var(--wp--preset--spacing--30)\">\n<div class=\"wp-block-column is-layout-flow wp-block-column-is-layout-flow\">\n<div class=\"wp-block-group is-vertical is-content-justification-center is-layout-flex wp-container-core-group-is-layout-fa38c63a wp-block-group-is-layout-flex\">\n<figure class=\"wp-block-image size-full is-style-rounded is-style-rounded--1\"><a href=\"https:\/\/giraffenbaeren.de\/index.php\/galerie\/innenraeume\/\"><img loading=\"lazy\" decoding=\"async\" width=\"642\" height=\"300\" src=\"https:\/\/giraffenbaeren.de\/wp-content\/uploads\/2026\/03\/Kachel4.jpg\" alt=\"\" class=\"wp-image-60\" srcset=\"https:\/\/giraffenbaeren.de\/wp-content\/uploads\/2026\/03\/Kachel4.jpg 642w, https:\/\/giraffenbaeren.de\/wp-content\/uploads\/2026\/03\/Kachel4-300x140.jpg 300w\" sizes=\"auto, (max-width: 642px) 100vw, 642px\" \/><\/a><\/figure>\n\n\n\n<div class=\"wp-block-buttons is-layout-flex wp-block-buttons-is-layout-flex\">\n<div class=\"wp-block-button\"><a class=\"wp-block-button__link has-background wp-element-button\" href=\"https:\/\/giraffenbaeren.de\/index.php\/galerie\/innenraeume\/\" style=\"background-color:#103840\">hineinspaziert<\/a><\/div>\n<\/div>\n<\/div>\n<\/div>\n\n\n\n<div class=\"wp-block-column is-layout-flow wp-block-column-is-layout-flow\">\n<div class=\"wp-block-group is-vertical is-content-justification-center is-layout-flex wp-container-core-group-is-layout-ce155fab wp-block-group-is-layout-flex\">\n<figure class=\"wp-block-image size-full is-style-rounded is-style-rounded--2\"><a href=\"https:\/\/giraffenbaeren.de\/index.php\/galerie\/aussenspielgelaende\/\"><img loading=\"lazy\" decoding=\"async\" width=\"642\" height=\"300\" src=\"https:\/\/giraffenbaeren.de\/wp-content\/uploads\/2026\/03\/Kachel5.jpg\" alt=\"\" class=\"wp-image-64\" srcset=\"https:\/\/giraffenbaeren.de\/wp-content\/uploads\/2026\/03\/Kachel5.jpg 642w, https:\/\/giraffenbaeren.de\/wp-content\/uploads\/2026\/03\/Kachel5-300x140.jpg 300w\" sizes=\"auto, (max-width: 642px) 100vw, 642px\" \/><\/a><\/figure>\n\n\n\n<div class=\"wp-block-buttons is-layout-flex wp-block-buttons-is-layout-flex\">\n<div class=\"wp-block-button\"><a class=\"wp-block-button__link has-background wp-element-button\" href=\"https:\/\/giraffenbaeren.de\/index.php\/galerie\/aussenspielgelaende\/\" style=\"background-color:#103840\">nach drau\u00dfen<\/a><\/div>\n<\/div>\n<\/div>\n<\/div>\n\n\n\n<div class=\"wp-block-column is-layout-flow wp-block-column-is-layout-flow\">\n<div class=\"wp-block-group is-vertical is-content-justification-center is-layout-flex wp-container-core-group-is-layout-ce155fab wp-block-group-is-layout-flex\">\n<figure class=\"wp-block-image size-full is-style-rounded is-style-rounded--3\"><a href=\"https:\/\/giraffenbaeren.de\/index.php\/galerie\/wald\/\"><img loading=\"lazy\" decoding=\"async\" width=\"642\" height=\"300\" src=\"https:\/\/giraffenbaeren.de\/wp-content\/uploads\/2026\/03\/Kachel6.jpg\" alt=\"\" class=\"wp-image-65\" srcset=\"https:\/\/giraffenbaeren.de\/wp-content\/uploads\/2026\/03\/Kachel6.jpg 642w, https:\/\/giraffenbaeren.de\/wp-content\/uploads\/2026\/03\/Kachel6-300x140.jpg 300w\" sizes=\"auto, (max-width: 642px) 100vw, 642px\" \/><\/a><\/figure>\n\n\n\n<div class=\"wp-block-buttons is-layout-flex wp-block-buttons-is-layout-flex\">\n<div class=\"wp-block-button\"><a class=\"wp-block-button__link has-background wp-element-button\" href=\"https:\/\/giraffenbaeren.de\/index.php\/galerie\/wald\/\" style=\"background-color:#103840\">in den Wald<\/a><\/div>\n<\/div>\n<\/div>\n<\/div>\n<\/div>\n<\/div>\n<\/div>\n","protected":false},"excerpt":{"rendered":"<p>Viel Platz f\u00fcr Ideen Wir wissen, wie wichtig&nbsp;Bewegung f\u00fcr Kinder&nbsp;ist und haben unsere Innen- und Au\u00dfenr\u00e4ume entsprechend gestaltet.Unsere integrative Kindertagesst\u00e4tte bietet den Kindern&nbsp;jede Menge&nbsp;frei verf\u00fcgbare Bewegungsfl\u00e4che. Unter anderem finden Sie bei den Giraffenb\u00e4ren: Werfen Sie doch mal einen Blick in unsere Galerie:<\/p>\n","protected":false},"author":1,"featured_media":0,"parent":0,"menu_order":0,"comment_status":"closed","ping_status":"closed","template":"","meta":{"footnotes":""},"class_list":["post-215","page","type-page","status-publish","hentry"],"_links":{"self":[{"href":"https:\/\/giraffenbaeren.de\/index.php\/wp-json\/wp\/v2\/pages\/215","targetHints":{"allow":["GET"]}}],"collection":[{"href":"https:\/\/giraffenbaeren.de\/index.php\/wp-json\/wp\/v2\/pages"}],"about":[{"href":"https:\/\/giraffenbaeren.de\/index.php\/wp-json\/wp\/v2\/types\/page"}],"author":[{"embeddable":true,"href":"https:\/\/giraffenbaeren.de\/index.php\/wp-json\/wp\/v2\/users\/1"}],"replies":[{"embeddable":true,"href":"https:\/\/giraffenbaeren.de\/index.php\/wp-json\/wp\/v2\/comments?post=215"}],"version-history":[{"count":10,"href":"https:\/\/giraffenbaeren.de\/index.php\/wp-json\/wp\/v2\/pages\/215\/revisions"}],"predecessor-version":[{"id":501,"href":"https:\/\/giraffenbaeren.de\/index.php\/wp-json\/wp\/v2\/pages\/215\/revisions\/501"}],"wp:attachment":[{"href":"https:\/\/giraffenbaeren.de\/index.php\/wp-json\/wp\/v2\/media?parent=215"}],"curies":[{"name":"wp","href":"https:\/\/api.w.org\/{rel}","templated":true}]}}