{"id":55,"date":"2026-03-09T12:27:56","date_gmt":"2026-03-09T11:27:56","guid":{"rendered":"https:\/\/giraffenbaeren.de\/?page_id=55"},"modified":"2026-03-11T23:16:19","modified_gmt":"2026-03-11T22:16:19","slug":"impressum","status":"publish","type":"page","link":"https:\/\/giraffenbaeren.de\/index.php\/impressum\/","title":{"rendered":"Impressum"},"content":{"rendered":"\n<p>Integrative Kita Giraffenb\u00e4ren e.V.<br>Iddelsfeld 4<br>51427 Bergisch Gladbach<br>Deutschland<\/p>\n\n\n\n<p>Telefon: +49 2204 67420<br>Mail:&nbsp;info@giraffenbaeren.de<\/p>\n\n\n\n<p>Vertretungsberechtigter Vorstand:<br>Annika Glunz, Ronny Oechsner, Magdalena Pichlo<\/p>\n\n\n\n<p>Eingetragen im Vereinsregister Amtsgericht K\u00f6ln:<br>VR 501238<\/p>\n\n\n\n<p>Administration der Homepage:<br>Daniel Eimermacher<\/p>\n\n\n\n<p>Fotografie:<br>Anna Selhorst,\u00a0Carolin Katerkamp, Martin Pichlo, Magdalena Pichlo, Matthias Mohr &amp; Fabiola Nolden<\/p>\n\n\n\n<p>F\u00fcr den Inhalt redaktioneller Texte ist der jeweilige Autor nach den allgemeinen Gesetzen verantwortlich.<\/p>\n\n\n\n<p>F\u00fcr Vollst\u00e4ndigkeit, Fehler redaktioneller und technischer Art, Auslassungen usw. sowie die Richtigkeit der Eintragungen kann keine Haftung \u00fcbernommen werden. Insbesondere kann keine Gew\u00e4hr f\u00fcr die Vollst\u00e4ndigkeit und Richtigkeit von Informationen \u00fcbernommen werden, die \u00fcber weiterf\u00fchrende Links erreicht werden. Anbieter sind f\u00fcr die eigenen Inhalte, die sie zur Nutzung bereithalten, nach den allgemeinen Gesetzen verantwortlich. Von diesen eigenen Inhalten sind Querverweise auf die von anderen Anbietern bereitgehaltenen Inhalte zu unterscheiden. Die Verweise durch Hyperlinks auf Inhalte fremder Webseiten dienen lediglich der Information. Die Verantwortlichkeit f\u00fcr diese fremden Inhalte liegt alleine bei dem Anbieter, der die Inhalte bereith\u00e4lt. Vor dem Einrichten des entsprechenden Verweises sind die Web-Seiten der anderen Anbieter mit gro\u00dfer Sorgfalt und nach bestem Wissen und Gewissen \u00fcberpr\u00fcft worden. Es kann jedoch keine Gew\u00e4hr f\u00fcr die Vollst\u00e4ndigkeit und Richtigkeit von Informationen \u00fcbernommen werden, die \u00fcber weiterf\u00fchrende Hyperlinks erreicht werden. Der Inhalt der anderen Web-Seiten kann jederzeit ohne Wissen der Redaktion dieser Homepage ge\u00e4ndert werden.<\/p>\n\n\n\n<p>Wir betonen, dass wir keinen Einfluss auf die Gestaltung und die Inhalte der durch Link von unserer Homepage aus erreichbaren Seiten anderer Anbieter haben und uns deren Inhalt nicht zu eigen machen. Diese Erkl\u00e4rung gilt f\u00fcr alle Seiten dieser Homepage und die dort angebrachten Links.<\/p>\n\n\n\n<p>Falls wir auf Seiten verweisen, deren Inhalt Anlass zur Beanstandung gibt, bittet der Verein um Mitteilung.<\/p>\n\n\n\n<p>Die Redaktion der Homepage beh\u00e4lt sich das Recht vor, ohne vorherige Ank\u00fcndigung die bereitgestellten Informationen zu \u00e4ndern, zu erg\u00e4nzen oder zu entfernen.<\/p>\n\n\n\n<p>Alle Rechte vorbehalten. Jegliche Vervielf\u00e4ltigung oder Weiterverbreitung in jedem Medium als Ganzes oder in Teilen bedarf der schriftlichen Zustimmung.<\/p>\n\n\n\n<p><\/p>\n","protected":false},"excerpt":{"rendered":"<p>Integrative Kita Giraffenb\u00e4ren e.V.Iddelsfeld 451427 Bergisch GladbachDeutschland Telefon: +49 2204 67420Mail:&nbsp;info@giraffenbaeren.de Vertretungsberechtigter Vorstand:Annika Glunz, Ronny Oechsner, Magdalena Pichlo Eingetragen im Vereinsregister Amtsgericht K\u00f6ln:VR 501238 Administration der Homepage:Daniel Eimermacher Fotografie:Anna Selhorst,\u00a0Carolin Katerkamp, Martin Pichlo, Magdalena Pichlo, Matthias Mohr &amp; Fabiola Nolden F\u00fcr den Inhalt redaktioneller Texte ist der jeweilige Autor nach den allgemeinen Gesetzen verantwortlich. F\u00fcr [&hellip;]<\/p>\n","protected":false},"author":1,"featured_media":0,"parent":0,"menu_order":0,"comment_status":"closed","ping_status":"closed","template":"","meta":{"footnotes":""},"class_list":["post-55","page","type-page","status-publish","hentry"],"_links":{"self":[{"href":"https:\/\/giraffenbaeren.de\/index.php\/wp-json\/wp\/v2\/pages\/55","targetHints":{"allow":["GET"]}}],"collection":[{"href":"https:\/\/giraffenbaeren.de\/index.php\/wp-json\/wp\/v2\/pages"}],"about":[{"href":"https:\/\/giraffenbaeren.de\/index.php\/wp-json\/wp\/v2\/types\/page"}],"author":[{"embeddable":true,"href":"https:\/\/giraffenbaeren.de\/index.php\/wp-json\/wp\/v2\/users\/1"}],"replies":[{"embeddable":true,"href":"https:\/\/giraffenbaeren.de\/index.php\/wp-json\/wp\/v2\/comments?post=55"}],"version-history":[{"count":4,"href":"https:\/\/giraffenbaeren.de\/index.php\/wp-json\/wp\/v2\/pages\/55\/revisions"}],"predecessor-version":[{"id":196,"href":"https:\/\/giraffenbaeren.de\/index.php\/wp-json\/wp\/v2\/pages\/55\/revisions\/196"}],"wp:attachment":[{"href":"https:\/\/giraffenbaeren.de\/index.php\/wp-json\/wp\/v2\/media?parent=55"}],"curies":[{"name":"wp","href":"https:\/\/api.w.org\/{rel}","templated":true}]}}